{"id":72,"date":"2024-04-24T17:40:48","date_gmt":"2024-04-24T15:40:48","guid":{"rendered":"http:\/\/192.168.80.123\/wordpress\/?page_id=72"},"modified":"2026-02-09T22:48:29","modified_gmt":"2026-02-09T21:48:29","slug":"f1zue-relais-vhf","status":"publish","type":"page","link":"https:\/\/www.f8kii.fr\/?page_id=72","title":{"rendered":"F1ZUE &#8211;  Relais VHF"},"content":{"rendered":"\n<div class=\"wp-block-group alignfull is-vertical is-layout-flex wp-container-core-group-is-layout-b9a410a9 wp-block-group-is-layout-flex\" style=\"margin-top:0;margin-bottom:0;padding-top:var(--wp--preset--spacing--50);padding-right:var(--wp--preset--spacing--50);padding-bottom:var(--wp--preset--spacing--50);padding-left:var(--wp--preset--spacing--50)\">\n<figure class=\"wp-block-gallery has-nested-images columns-default is-cropped wp-block-gallery-1 is-layout-flex wp-block-gallery-is-layout-flex\">\n<figure data-wp-context=\"{&quot;imageId&quot;:&quot;69e516751cc14&quot;}\" data-wp-interactive=\"core\/image\" data-wp-key=\"69e516751cc14\" class=\"wp-block-image size-full is-style-default wp-lightbox-container\"><img decoding=\"async\" data-wp-class--hide=\"state.isContentHidden\" data-wp-class--show=\"state.isContentVisible\" data-wp-init=\"callbacks.setButtonStyles\" data-wp-on--click=\"actions.showLightbox\" data-wp-on--load=\"callbacks.setButtonStyles\" data-wp-on-window--resize=\"callbacks.setButtonStyles\" data-id=\"65\" src=\"https:\/\/www.f8kii.fr\/wp-content\/uploads\/2024\/04\/IMG_1809.jpeg\" alt=\"\" class=\"wp-image-65\"\/><button\n\t\t\tclass=\"lightbox-trigger\"\n\t\t\ttype=\"button\"\n\t\t\taria-haspopup=\"dialog\"\n\t\t\taria-label=\"Agrandir\"\n\t\t\tdata-wp-init=\"callbacks.initTriggerButton\"\n\t\t\tdata-wp-on--click=\"actions.showLightbox\"\n\t\t\tdata-wp-style--right=\"state.imageButtonRight\"\n\t\t\tdata-wp-style--top=\"state.imageButtonTop\"\n\t\t>\n\t\t\t<svg xmlns=\"http:\/\/www.w3.org\/2000\/svg\" width=\"12\" height=\"12\" fill=\"none\" viewBox=\"0 0 12 12\">\n\t\t\t\t<path fill=\"#fff\" d=\"M2 0a2 2 0 0 0-2 2v2h1.5V2a.5.5 0 0 1 .5-.5h2V0H2Zm2 10.5H2a.5.5 0 0 1-.5-.5V8H0v2a2 2 0 0 0 2 2h2v-1.5ZM8 12v-1.5h2a.5.5 0 0 0 .5-.5V8H12v2a2 2 0 0 1-2 2H8Zm2-12a2 2 0 0 1 2 2v2h-1.5V2a.5.5 0 0 0-.5-.5H8V0h2Z\" \/>\n\t\t\t<\/svg>\n\t\t<\/button><\/figure>\n\n\n\n<figure data-wp-context=\"{&quot;imageId&quot;:&quot;69e516751e798&quot;}\" data-wp-interactive=\"core\/image\" data-wp-key=\"69e516751e798\" class=\"wp-block-image size-full wp-lightbox-container\"><img decoding=\"async\" data-wp-class--hide=\"state.isContentHidden\" data-wp-class--show=\"state.isContentVisible\" data-wp-init=\"callbacks.setButtonStyles\" data-wp-on--click=\"actions.showLightbox\" data-wp-on--load=\"callbacks.setButtonStyles\" data-wp-on-window--resize=\"callbacks.setButtonStyles\" data-id=\"66\" src=\"https:\/\/www.f8kii.fr\/wp-content\/uploads\/2024\/04\/IMG_1810.jpeg\" alt=\"\" class=\"wp-image-66\"\/><button\n\t\t\tclass=\"lightbox-trigger\"\n\t\t\ttype=\"button\"\n\t\t\taria-haspopup=\"dialog\"\n\t\t\taria-label=\"Agrandir\"\n\t\t\tdata-wp-init=\"callbacks.initTriggerButton\"\n\t\t\tdata-wp-on--click=\"actions.showLightbox\"\n\t\t\tdata-wp-style--right=\"state.imageButtonRight\"\n\t\t\tdata-wp-style--top=\"state.imageButtonTop\"\n\t\t>\n\t\t\t<svg xmlns=\"http:\/\/www.w3.org\/2000\/svg\" width=\"12\" height=\"12\" fill=\"none\" viewBox=\"0 0 12 12\">\n\t\t\t\t<path fill=\"#fff\" d=\"M2 0a2 2 0 0 0-2 2v2h1.5V2a.5.5 0 0 1 .5-.5h2V0H2Zm2 10.5H2a.5.5 0 0 1-.5-.5V8H0v2a2 2 0 0 0 2 2h2v-1.5ZM8 12v-1.5h2a.5.5 0 0 0 .5-.5V8H12v2a2 2 0 0 1-2 2H8Zm2-12a2 2 0 0 1 2 2v2h-1.5V2a.5.5 0 0 0-.5-.5H8V0h2Z\" \/>\n\t\t\t<\/svg>\n\t\t<\/button><\/figure>\n<\/figure>\n\n\n\n<div style=\"height:40px\" aria-hidden=\"true\" class=\"wp-block-spacer wp-container-content-28f0cd9b\"><\/div>\n\n\n\n<p>Le relais install\u00e9 le 12 avril 2024 dans sa nouvelle version est situ\u00e9 pr\u00e8s de Dieppe \u00e0 Saint-Nicolas d\u2019Aliermont, altitude 150m, hauteur des antennes 30m du sol.<\/p>\n\n\n\n<p>Le relais F1ZUE est maintenant g\u00e9r\u00e9 par une logique SVXLINK et connect\u00e9 sur ECHOLINK.<\/p>\n\n\n\n<p>La puissance est de 20 watts pour le moment et devrait revenir vers 50 watts dans quelques mois.<\/p>\n\n\n\n<p>Les 2 antennes sont des Diamond X300 situ\u00e9es tout en haut du pyl\u00f4ne. Une troisi\u00e8me antenne Diamond X200 install\u00e9e au 2\/3 du pyl\u00f4ne sert pour l\u2019APRS sur 144,800 ainsi que le Lora sur 433,775.<\/p>\n\n\n\n<p><strong>Fr\u00e9quence : 145,7875 MHz shift -600 KHz<\/strong><\/p>\n\n\n\n<p><strong>Acc\u00e8s aux salons avec un CTCSS 123 Hz<\/strong><\/p>\n\n\n\n<div style=\"height:60px\" aria-hidden=\"true\" class=\"wp-block-spacer wp-container-content-1cacd481\"><\/div>\n\n\n\n<h2 class=\"wp-block-heading has-text-align-center\"><strong>&#8212;<\/strong> <strong>Mode d&#8217;emploi<\/strong> &#8212;<\/h2>\n\n\n\n<p>Le relais \u00e9tant disponible via Echolink, vous pouvez le connecter vers un autre d\u00e9partement en envoyant la lettre D suivie du num\u00e9ro de d\u00e9partement par code DTMF.<\/p>\n\n\n\n<p>Par exemple, pour connecter le relais vers le radioclub de Bihorel F8KGK, taper D76. Le link simplex de F8KGK est sur 144,575 MHZ. Et inversement, depuis l&rsquo;acc\u00e8s de F8KGK, envoyer D76 pour connecter le relais F1ZUE.<\/p>\n\n\n\n<p>Liste des d\u00e9partements disponibles : 02 \u2013 10 \u2013 15 \u2013 17 \u2013 19 \u2013 27 \u2013 35 \u2013 42 \u2013 44<\/p>\n\n\n\n<p>\u2013 45 \u2013 49 \u2013 59 \u2013 67 \u2013 69 \u2013 75 \u2013 76 \u2013 91 \u2013 98 \u2013 99 \u2013 974<\/p>\n\n\n\n<p><strong>\u2014&gt;<\/strong>&nbsp;Vous pouvez aussi connecter toutes les stations disponibles sur Echolink en envoyant simplement le num\u00e9ro de Node \u00e0 6 chiffres par DTMF<\/p>\n\n\n\n<p>Le num\u00e9ro pour joindre le relais de Dieppe est le 140038 depuis un autre relais connect\u00e9.<\/p>\n\n\n\n<div style=\"height:19px\" aria-hidden=\"true\" class=\"wp-block-spacer wp-container-content-370e7c34\"><\/div>\n\n\n\n<p>Les salons suivants requi\u00e8rent l\u2019utilisation d\u2019un tone en \u00e9mission de 123 Hz et sont param\u00e9tr\u00e9s avec un TimeOut sur inactivit\u00e9 de 300 secondes avec retour en mode relais normal :<\/p>\n\n\n\n<p>42 : R\u00e9seau Auvergne Rhone Alpes 42\u2002\u2002\u2002\u2002\u2002\u2002\u2002<a href=\"https:\/\/ara-r.fr\/\" target=\"_blank\" rel=\"noreferrer noopener\">https:\/\/ara-r.fr\/<\/a><\/p>\n\n\n\n<p>49 : R\u00e9seaux interconnect\u00e9s du 49\u2002\u2002\u2002\u2002\u2002\u2002\u2002\u2002\u2002<a href=\"https:\/\/49.f4ipa.fr\/\" target=\"_blank\" rel=\"noreferrer noopener\">https:\/\/49.f4ipa.fr\/<\/a><\/p>\n\n\n\n<p>75 : salon IDF\u2002\u2002\u2002\u2002\u2002\u2002\u2002\u2002\u2002\u2002\u2002\u2002\u2002\u2002\u2002\u2002\u2002\u2002\u2002\u2002\u2002\u2002\u2002\u2002\u2002\u2002\u2002\u2002pas de dashboard<\/p>\n\n\n\n<p>96 : RRF R\u00e9seau des r\u00e9p\u00e9teurs francophones RRF\u2002\u2002<a href=\"http:\/\/rrf4.f5nlg.ovh:82\/\" target=\"_blank\" rel=\"noreferrer noopener\">http:\/\/rrf4.f5nlg.ovh:82\/<\/a><\/p>\n\n\n\n<p>97 : RRF French Open Network\u2002\u2002\u2002\u2002\u2002\u2002\u2002\u2002\u2002\u2002\u2002\u2002\u2002\u2002<a href=\"http:\/\/rrf4.f5nlg.ovh:82\/\" target=\"_blank\" rel=\"noreferrer noopener\">http:\/\/rrf4.f5nlg.ovh:82\/<\/a><\/p>\n\n\n\n<p>98 : RRF Salon Technique\u2002\u2002\u2002\u2002\u2002\u2002\u2002\u2002\u2002\u2002\u2002\u2002\u2002\u2002\u2002\u2002\u2002\u2002<a href=\"http:\/\/rrf4.f5nlg.ovh:82\/\" target=\"_blank\" rel=\"noreferrer noopener\">http:\/\/rrf4.f5nlg.ovh:82\/<\/a><\/p>\n\n\n\n<p>99 : RRF Salon International\u2002\u2002\u2002\u2002\u2002\u2002\u2002\u2002\u2002\u2002\u2002\u2002\u2002\u2002<a href=\"http:\/\/rrf4.f5nlg.ovh:82\/\" target=\"_blank\" rel=\"noreferrer noopener\">http:\/\/rrf4.f5nlg.ovh:82\/<\/a><\/p>\n\n\n\n<p>100 : RRF Salon bavardage\u2002\u2002\u2002\u2002\u2002\u2002\u2002\u2002\u2002\u2002\u2002\u2002\u2002\u2002\u2002\u2002\u2002<a href=\"http:\/\/rrf4.f5nlg.ovh:82\/\" target=\"_blank\" rel=\"noreferrer noopener\">http:\/\/rrf4.f5nlg.ovh:82\/<\/a><\/p>\n\n\n\n<p>101 : RRF Salon local\u2002\u2002\u2002\u2002\u2002\u2002\u2002\u2002\u2002\u2002\u2002\u2002\u2002\u2002\u2002\u2002\u2002\u2002\u2002\u2002\u2002<a href=\"http:\/\/rrf4.f5nlg.ovh:82\/\" target=\"_blank\" rel=\"noreferrer noopener\">http:\/\/rrf4.f5nlg.ovh:82\/<\/a><\/p>\n\n\n\n<p>102 : RRF Salon exp\u00e9rimental\u2002\u2002\u2002\u2002\u2002\u2002\u2002\u2002\u2002\u2002\u2002\u2002\u2002\u2002<a href=\"http:\/\/rrf4.f5nlg.ovh:82\/\" target=\"_blank\" rel=\"noreferrer noopener\">http:\/\/rrf4.f5nlg.ovh:82\/<\/a><\/p>\n\n\n\n<p>104 : salon F8KGK\u2002\u2002\u2002\u2002\u2002\u2002\u2002\u2002\u2002\u2002\u2002\u2002\u2002\u2002\u2002\u2002\u2002\u2002\u2002<a href=\"https:\/\/www.f8kgk.fr\/svxreflector\/\" target=\"_blank\" rel=\"noreferrer noopener\">https:\/\/www.f8kgk.fr\/svxreflector\/<\/a><\/p>\n\n\n\n<p>105 : R\u00e9seau des R\u00e9p\u00e9teurs de l\u2019Oc\u00e9an Indien\u2002\u2002\u2002\u2002<a href=\"http:\/\/rroi.arra.re:82\/\" target=\"_blank\" rel=\"noreferrer noopener\">http:\/\/rroi.arra.re:82\/<\/a><\/p>\n\n\n\n<p>112 : Salon d\u2019urgence EMCOM francophone\u2002\u2002\u2002\u2002\u2002\u2002\u2002\u2002\u2002<a href=\"https:\/\/dashboard.fr-emcom.com\/\" target=\"_blank\" rel=\"noreferrer noopener\">https:\/\/dashboard.fr-emcom.com\/<\/a><\/p>\n\n\n\n<p>73 \u00e0 tous de la team F8KII<\/p>\n\n\n\n<div style=\"height:40px\" aria-hidden=\"true\" class=\"wp-block-spacer wp-container-content-28f0cd9b\"><\/div>\n\n\n\n<h2 class=\"wp-block-heading\">&#8212; Photos du site &#8212;<\/h2>\n\n\n\n<figure class=\"wp-block-gallery has-nested-images columns-default is-cropped wp-block-gallery-2 is-layout-flex wp-block-gallery-is-layout-flex\">\n<figure data-wp-context=\"{&quot;imageId&quot;:&quot;69e5167521bdb&quot;}\" data-wp-interactive=\"core\/image\" data-wp-key=\"69e5167521bdb\" class=\"wp-block-image size-large wp-lightbox-container\"><img decoding=\"async\" data-wp-class--hide=\"state.isContentHidden\" data-wp-class--show=\"state.isContentVisible\" data-wp-init=\"callbacks.setButtonStyles\" data-wp-on--click=\"actions.showLightbox\" data-wp-on--load=\"callbacks.setButtonStyles\" data-wp-on-window--resize=\"callbacks.setButtonStyles\" data-id=\"51\" src=\"https:\/\/www.f8kii.fr\/wp-content\/uploads\/2024\/04\/IMG_0872.jpeg\" alt=\"\" class=\"wp-image-51\"\/><button\n\t\t\tclass=\"lightbox-trigger\"\n\t\t\ttype=\"button\"\n\t\t\taria-haspopup=\"dialog\"\n\t\t\taria-label=\"Agrandir\"\n\t\t\tdata-wp-init=\"callbacks.initTriggerButton\"\n\t\t\tdata-wp-on--click=\"actions.showLightbox\"\n\t\t\tdata-wp-style--right=\"state.imageButtonRight\"\n\t\t\tdata-wp-style--top=\"state.imageButtonTop\"\n\t\t>\n\t\t\t<svg xmlns=\"http:\/\/www.w3.org\/2000\/svg\" width=\"12\" height=\"12\" fill=\"none\" viewBox=\"0 0 12 12\">\n\t\t\t\t<path fill=\"#fff\" d=\"M2 0a2 2 0 0 0-2 2v2h1.5V2a.5.5 0 0 1 .5-.5h2V0H2Zm2 10.5H2a.5.5 0 0 1-.5-.5V8H0v2a2 2 0 0 0 2 2h2v-1.5ZM8 12v-1.5h2a.5.5 0 0 0 .5-.5V8H12v2a2 2 0 0 1-2 2H8Zm2-12a2 2 0 0 1 2 2v2h-1.5V2a.5.5 0 0 0-.5-.5H8V0h2Z\" \/>\n\t\t\t<\/svg>\n\t\t<\/button><\/figure>\n\n\n\n<figure data-wp-context=\"{&quot;imageId&quot;:&quot;69e5167522df2&quot;}\" data-wp-interactive=\"core\/image\" data-wp-key=\"69e5167522df2\" class=\"wp-block-image size-large wp-lightbox-container\"><img decoding=\"async\" data-wp-class--hide=\"state.isContentHidden\" data-wp-class--show=\"state.isContentVisible\" data-wp-init=\"callbacks.setButtonStyles\" data-wp-on--click=\"actions.showLightbox\" data-wp-on--load=\"callbacks.setButtonStyles\" data-wp-on-window--resize=\"callbacks.setButtonStyles\" data-id=\"39\" src=\"https:\/\/www.f8kii.fr\/wp-content\/uploads\/2024\/04\/20230623_111951.jpeg\" alt=\"\" class=\"wp-image-39\"\/><button\n\t\t\tclass=\"lightbox-trigger\"\n\t\t\ttype=\"button\"\n\t\t\taria-haspopup=\"dialog\"\n\t\t\taria-label=\"Agrandir\"\n\t\t\tdata-wp-init=\"callbacks.initTriggerButton\"\n\t\t\tdata-wp-on--click=\"actions.showLightbox\"\n\t\t\tdata-wp-style--right=\"state.imageButtonRight\"\n\t\t\tdata-wp-style--top=\"state.imageButtonTop\"\n\t\t>\n\t\t\t<svg xmlns=\"http:\/\/www.w3.org\/2000\/svg\" width=\"12\" height=\"12\" fill=\"none\" viewBox=\"0 0 12 12\">\n\t\t\t\t<path fill=\"#fff\" d=\"M2 0a2 2 0 0 0-2 2v2h1.5V2a.5.5 0 0 1 .5-.5h2V0H2Zm2 10.5H2a.5.5 0 0 1-.5-.5V8H0v2a2 2 0 0 0 2 2h2v-1.5ZM8 12v-1.5h2a.5.5 0 0 0 .5-.5V8H12v2a2 2 0 0 1-2 2H8Zm2-12a2 2 0 0 1 2 2v2h-1.5V2a.5.5 0 0 0-.5-.5H8V0h2Z\" \/>\n\t\t\t<\/svg>\n\t\t<\/button><\/figure>\n\n\n\n<figure data-wp-context=\"{&quot;imageId&quot;:&quot;69e5167524ebf&quot;}\" data-wp-interactive=\"core\/image\" data-wp-key=\"69e5167524ebf\" class=\"wp-block-image size-large wp-lightbox-container\"><img loading=\"lazy\" decoding=\"async\" width=\"768\" height=\"1024\" data-wp-class--hide=\"state.isContentHidden\" data-wp-class--show=\"state.isContentVisible\" data-wp-init=\"callbacks.setButtonStyles\" data-wp-on--click=\"actions.showLightbox\" data-wp-on--load=\"callbacks.setButtonStyles\" data-wp-on-window--resize=\"callbacks.setButtonStyles\" data-id=\"487\" src=\"https:\/\/www.f8kii.fr\/wp-content\/uploads\/2024\/04\/20230623_111920-768x1024.jpeg\" alt=\"\" class=\"wp-image-487\" srcset=\"https:\/\/www.f8kii.fr\/wp-content\/uploads\/2024\/04\/20230623_111920-768x1024.jpeg 768w, https:\/\/www.f8kii.fr\/wp-content\/uploads\/2024\/04\/20230623_111920-225x300.jpeg 225w, https:\/\/www.f8kii.fr\/wp-content\/uploads\/2024\/04\/20230623_111920-1152x1536.jpeg 1152w, https:\/\/www.f8kii.fr\/wp-content\/uploads\/2024\/04\/20230623_111920-1536x2048.jpeg 1536w, https:\/\/www.f8kii.fr\/wp-content\/uploads\/2024\/04\/20230623_111920-scaled.jpeg 1920w\" sizes=\"auto, (max-width: 768px) 100vw, 768px\" \/><button\n\t\t\tclass=\"lightbox-trigger\"\n\t\t\ttype=\"button\"\n\t\t\taria-haspopup=\"dialog\"\n\t\t\taria-label=\"Agrandir\"\n\t\t\tdata-wp-init=\"callbacks.initTriggerButton\"\n\t\t\tdata-wp-on--click=\"actions.showLightbox\"\n\t\t\tdata-wp-style--right=\"state.imageButtonRight\"\n\t\t\tdata-wp-style--top=\"state.imageButtonTop\"\n\t\t>\n\t\t\t<svg xmlns=\"http:\/\/www.w3.org\/2000\/svg\" width=\"12\" height=\"12\" fill=\"none\" viewBox=\"0 0 12 12\">\n\t\t\t\t<path fill=\"#fff\" d=\"M2 0a2 2 0 0 0-2 2v2h1.5V2a.5.5 0 0 1 .5-.5h2V0H2Zm2 10.5H2a.5.5 0 0 1-.5-.5V8H0v2a2 2 0 0 0 2 2h2v-1.5ZM8 12v-1.5h2a.5.5 0 0 0 .5-.5V8H12v2a2 2 0 0 1-2 2H8Zm2-12a2 2 0 0 1 2 2v2h-1.5V2a.5.5 0 0 0-.5-.5H8V0h2Z\" \/>\n\t\t\t<\/svg>\n\t\t<\/button><\/figure>\n\n\n\n<figure data-wp-context=\"{&quot;imageId&quot;:&quot;69e516752605d&quot;}\" data-wp-interactive=\"core\/image\" data-wp-key=\"69e516752605d\" class=\"wp-block-image size-large wp-lightbox-container\"><img decoding=\"async\" data-wp-class--hide=\"state.isContentHidden\" data-wp-class--show=\"state.isContentVisible\" data-wp-init=\"callbacks.setButtonStyles\" data-wp-on--click=\"actions.showLightbox\" data-wp-on--load=\"callbacks.setButtonStyles\" data-wp-on-window--resize=\"callbacks.setButtonStyles\" data-id=\"22\" src=\"https:\/\/www.f8kii.fr\/wp-content\/uploads\/2024\/04\/DSC_8986.jpg\" alt=\"\" class=\"wp-image-22\"\/><button\n\t\t\tclass=\"lightbox-trigger\"\n\t\t\ttype=\"button\"\n\t\t\taria-haspopup=\"dialog\"\n\t\t\taria-label=\"Agrandir\"\n\t\t\tdata-wp-init=\"callbacks.initTriggerButton\"\n\t\t\tdata-wp-on--click=\"actions.showLightbox\"\n\t\t\tdata-wp-style--right=\"state.imageButtonRight\"\n\t\t\tdata-wp-style--top=\"state.imageButtonTop\"\n\t\t>\n\t\t\t<svg xmlns=\"http:\/\/www.w3.org\/2000\/svg\" width=\"12\" height=\"12\" fill=\"none\" viewBox=\"0 0 12 12\">\n\t\t\t\t<path fill=\"#fff\" d=\"M2 0a2 2 0 0 0-2 2v2h1.5V2a.5.5 0 0 1 .5-.5h2V0H2Zm2 10.5H2a.5.5 0 0 1-.5-.5V8H0v2a2 2 0 0 0 2 2h2v-1.5ZM8 12v-1.5h2a.5.5 0 0 0 .5-.5V8H12v2a2 2 0 0 1-2 2H8Zm2-12a2 2 0 0 1 2 2v2h-1.5V2a.5.5 0 0 0-.5-.5H8V0h2Z\" \/>\n\t\t\t<\/svg>\n\t\t<\/button><\/figure>\n\n\n\n<figure data-wp-context=\"{&quot;imageId&quot;:&quot;69e5167527291&quot;}\" data-wp-interactive=\"core\/image\" data-wp-key=\"69e5167527291\" class=\"wp-block-image size-large wp-lightbox-container\"><img decoding=\"async\" data-wp-class--hide=\"state.isContentHidden\" data-wp-class--show=\"state.isContentVisible\" data-wp-init=\"callbacks.setButtonStyles\" data-wp-on--click=\"actions.showLightbox\" data-wp-on--load=\"callbacks.setButtonStyles\" data-wp-on-window--resize=\"callbacks.setButtonStyles\" data-id=\"14\" src=\"https:\/\/www.f8kii.fr\/wp-content\/uploads\/2024\/04\/DSC_8984.jpg\" alt=\"\" class=\"wp-image-14\"\/><button\n\t\t\tclass=\"lightbox-trigger\"\n\t\t\ttype=\"button\"\n\t\t\taria-haspopup=\"dialog\"\n\t\t\taria-label=\"Agrandir\"\n\t\t\tdata-wp-init=\"callbacks.initTriggerButton\"\n\t\t\tdata-wp-on--click=\"actions.showLightbox\"\n\t\t\tdata-wp-style--right=\"state.imageButtonRight\"\n\t\t\tdata-wp-style--top=\"state.imageButtonTop\"\n\t\t>\n\t\t\t<svg xmlns=\"http:\/\/www.w3.org\/2000\/svg\" width=\"12\" height=\"12\" fill=\"none\" viewBox=\"0 0 12 12\">\n\t\t\t\t<path fill=\"#fff\" d=\"M2 0a2 2 0 0 0-2 2v2h1.5V2a.5.5 0 0 1 .5-.5h2V0H2Zm2 10.5H2a.5.5 0 0 1-.5-.5V8H0v2a2 2 0 0 0 2 2h2v-1.5ZM8 12v-1.5h2a.5.5 0 0 0 .5-.5V8H12v2a2 2 0 0 1-2 2H8Zm2-12a2 2 0 0 1 2 2v2h-1.5V2a.5.5 0 0 0-.5-.5H8V0h2Z\" \/>\n\t\t\t<\/svg>\n\t\t<\/button><\/figure>\n\n\n\n<figure data-wp-context=\"{&quot;imageId&quot;:&quot;69e51675283c9&quot;}\" data-wp-interactive=\"core\/image\" data-wp-key=\"69e51675283c9\" class=\"wp-block-image size-large wp-lightbox-container\"><img decoding=\"async\" data-wp-class--hide=\"state.isContentHidden\" data-wp-class--show=\"state.isContentVisible\" data-wp-init=\"callbacks.setButtonStyles\" data-wp-on--click=\"actions.showLightbox\" data-wp-on--load=\"callbacks.setButtonStyles\" data-wp-on-window--resize=\"callbacks.setButtonStyles\" data-id=\"11\" src=\"https:\/\/www.f8kii.fr\/wp-content\/uploads\/2024\/04\/DSC_8975.jpg\" alt=\"\" class=\"wp-image-11\"\/><button\n\t\t\tclass=\"lightbox-trigger\"\n\t\t\ttype=\"button\"\n\t\t\taria-haspopup=\"dialog\"\n\t\t\taria-label=\"Agrandir\"\n\t\t\tdata-wp-init=\"callbacks.initTriggerButton\"\n\t\t\tdata-wp-on--click=\"actions.showLightbox\"\n\t\t\tdata-wp-style--right=\"state.imageButtonRight\"\n\t\t\tdata-wp-style--top=\"state.imageButtonTop\"\n\t\t>\n\t\t\t<svg xmlns=\"http:\/\/www.w3.org\/2000\/svg\" width=\"12\" height=\"12\" fill=\"none\" viewBox=\"0 0 12 12\">\n\t\t\t\t<path fill=\"#fff\" d=\"M2 0a2 2 0 0 0-2 2v2h1.5V2a.5.5 0 0 1 .5-.5h2V0H2Zm2 10.5H2a.5.5 0 0 1-.5-.5V8H0v2a2 2 0 0 0 2 2h2v-1.5ZM8 12v-1.5h2a.5.5 0 0 0 .5-.5V8H12v2a2 2 0 0 1-2 2H8Zm2-12a2 2 0 0 1 2 2v2h-1.5V2a.5.5 0 0 0-.5-.5H8V0h2Z\" \/>\n\t\t\t<\/svg>\n\t\t<\/button><\/figure>\n<\/figure>\n\n\n\n<div style=\"height:40px\" aria-hidden=\"true\" class=\"wp-block-spacer wp-container-content-28f0cd9b\"><\/div>\n\n\n\n<p>Un grand merci \u00e0 Jean-Noel F8AFJ pour avoir install\u00e9 les 3 antennes sur le pyl\u00f4ne.<\/p>\n\n\n\n<p><\/p>\n<\/div>\n\n\n\n<div class=\"wp-block-group alignfull is-vertical is-layout-flex wp-container-core-group-is-layout-b9a410a9 wp-block-group-is-layout-flex\" style=\"margin-top:0;margin-bottom:0;padding-top:var(--wp--preset--spacing--50);padding-right:var(--wp--preset--spacing--50);padding-bottom:var(--wp--preset--spacing--50);padding-left:var(--wp--preset--spacing--50)\">\n<h2 class=\"wp-block-heading alignwide has-x-large-font-size\" style=\"margin-top:0;margin-bottom:var(--wp--preset--spacing--40);line-height:1\">Regardez, lisez, commentez<\/h2>\n\n\n\n<div class=\"wp-block-group alignwide\"><div class=\"wp-block-group__inner-container is-layout-constrained wp-block-group-is-layout-constrained\">\n<div class=\"wp-block-query alignwide is-layout-flow wp-block-query-is-layout-flow\"><ul class=\"wp-block-post-template is-layout-flow wp-block-post-template-is-layout-flow\"><li class=\"wp-block-post post-1 post type-post status-publish format-standard hentry category-non-classe\">\n\n<hr class=\"wp-block-separator has-text-color has-contrast-3-color has-alpha-channel-opacity has-contrast-3-background-color has-background alignwide is-style-wide\"\/>\n\n\n\n<div class=\"wp-block-columns alignwide are-vertically-aligned-center is-layout-flex wp-container-core-columns-is-layout-30c3a737 wp-block-columns-is-layout-flex\" style=\"margin-top:var(--wp--preset--spacing--20);margin-bottom:var(--wp--preset--spacing--20)\">\n<div class=\"wp-block-column is-vertically-aligned-center is-layout-flow wp-block-column-is-layout-flow\" style=\"flex-basis:72%\"><h2 style=\"font-size:1.5rem;line-height:1.1;\" class=\"wp-block-post-title\"><a href=\"https:\/\/www.f8kii.fr\/?p=1\" target=\"_self\" >Bonjour tout le monde\u00a0!<\/a><\/h2><\/div>\n\n\n\n<div class=\"wp-block-column is-vertically-aligned-center is-layout-flow wp-block-column-is-layout-flow\" style=\"flex-basis:28%\"><\/div>\n<\/div>\n\n<\/li><\/ul>\n\n\n<div style=\"height:var(--wp--preset--spacing--30)\" aria-hidden=\"true\" class=\"wp-block-spacer\"><\/div>\n\n\n\n\n<\/div>\n<\/div><\/div>\n<\/div>\n\n\n\n<p><\/p>\n","protected":false},"excerpt":{"rendered":"<p>Le relais install\u00e9 le 12 avril 2024 dans sa nouvelle version est situ\u00e9 pr\u00e8s de Dieppe \u00e0 Saint-Nicolas d\u2019Aliermont, altitude 150m, hauteur des antennes 30m du sol. Le relais F1ZUE est maintenant g\u00e9r\u00e9 par une logique SVXLINK et connect\u00e9 sur ECHOLINK. La puissance est de 20 watts pour le moment et devrait revenir vers 50 [&hellip;]<\/p>\n","protected":false},"author":1,"featured_media":0,"parent":0,"menu_order":0,"comment_status":"open","ping_status":"closed","template":"","meta":{"footnotes":""},"class_list":["post-72","page","type-page","status-publish","hentry"],"_links":{"self":[{"href":"https:\/\/www.f8kii.fr\/index.php?rest_route=\/wp\/v2\/pages\/72","targetHints":{"allow":["GET"]}}],"collection":[{"href":"https:\/\/www.f8kii.fr\/index.php?rest_route=\/wp\/v2\/pages"}],"about":[{"href":"https:\/\/www.f8kii.fr\/index.php?rest_route=\/wp\/v2\/types\/page"}],"author":[{"embeddable":true,"href":"https:\/\/www.f8kii.fr\/index.php?rest_route=\/wp\/v2\/users\/1"}],"replies":[{"embeddable":true,"href":"https:\/\/www.f8kii.fr\/index.php?rest_route=%2Fwp%2Fv2%2Fcomments&post=72"}],"version-history":[{"count":8,"href":"https:\/\/www.f8kii.fr\/index.php?rest_route=\/wp\/v2\/pages\/72\/revisions"}],"predecessor-version":[{"id":683,"href":"https:\/\/www.f8kii.fr\/index.php?rest_route=\/wp\/v2\/pages\/72\/revisions\/683"}],"wp:attachment":[{"href":"https:\/\/www.f8kii.fr\/index.php?rest_route=%2Fwp%2Fv2%2Fmedia&parent=72"}],"curies":[{"name":"wp","href":"https:\/\/api.w.org\/{rel}","templated":true}]}}