{"id":705,"date":"2026-02-15T15:18:21","date_gmt":"2026-02-15T14:18:21","guid":{"rendered":"https:\/\/www.f8kii.fr\/?page_id=705"},"modified":"2026-02-15T16:26:57","modified_gmt":"2026-02-15T15:26:57","slug":"reportage-de-france-3-normandie","status":"publish","type":"page","link":"https:\/\/www.f8kii.fr\/?page_id=705","title":{"rendered":"Reportage de France 3 Normandie"},"content":{"rendered":"\n<figure class=\"wp-block-video\"><video height=\"1080\" style=\"aspect-ratio: 1614 \/ 1080;\" width=\"1614\" controls src=\"https:\/\/www.f8kii.fr\/wp-content\/uploads\/2026\/02\/Les-radio-amateurs-_-un-reseau-social-a-lancienne-\ud83c\udf0d.mp4\"><\/video><\/figure>\n\n\n\n<div style=\"height:40px\" aria-hidden=\"true\" class=\"wp-block-spacer\"><\/div>\n\n\n\n<figure class=\"wp-block-image size-large\"><img loading=\"lazy\" decoding=\"async\" width=\"1024\" height=\"576\" src=\"https:\/\/www.f8kii.fr\/wp-content\/uploads\/2026\/02\/61f60cad-fb2e-4b3c-a699-7f2a65bdeb8c-1024x576.jpg\" alt=\"\" class=\"wp-image-695\" srcset=\"https:\/\/www.f8kii.fr\/wp-content\/uploads\/2026\/02\/61f60cad-fb2e-4b3c-a699-7f2a65bdeb8c-1024x576.jpg 1024w, https:\/\/www.f8kii.fr\/wp-content\/uploads\/2026\/02\/61f60cad-fb2e-4b3c-a699-7f2a65bdeb8c-300x169.jpg 300w, https:\/\/www.f8kii.fr\/wp-content\/uploads\/2026\/02\/61f60cad-fb2e-4b3c-a699-7f2a65bdeb8c-768x432.jpg 768w, https:\/\/www.f8kii.fr\/wp-content\/uploads\/2026\/02\/61f60cad-fb2e-4b3c-a699-7f2a65bdeb8c-1536x864.jpg 1536w, https:\/\/www.f8kii.fr\/wp-content\/uploads\/2026\/02\/61f60cad-fb2e-4b3c-a699-7f2a65bdeb8c.jpg 1920w\" sizes=\"auto, (max-width: 1024px) 100vw, 1024px\" \/><\/figure>\n\n\n\n<p><\/p>\n\n\n\n<p><\/p>\n\n\n\n<figure class=\"wp-block-image size-large\"><img loading=\"lazy\" decoding=\"async\" width=\"1024\" height=\"577\" src=\"https:\/\/www.f8kii.fr\/wp-content\/uploads\/2026\/02\/2026-02-11-10-58-48-nouveau-presentation-microsoft-powerpoint-3-pptx-powerpoint-698c6bb3a0e16307916320-1024x577.png\" alt=\"\" class=\"wp-image-697\" srcset=\"https:\/\/www.f8kii.fr\/wp-content\/uploads\/2026\/02\/2026-02-11-10-58-48-nouveau-presentation-microsoft-powerpoint-3-pptx-powerpoint-698c6bb3a0e16307916320-1024x577.png 1024w, https:\/\/www.f8kii.fr\/wp-content\/uploads\/2026\/02\/2026-02-11-10-58-48-nouveau-presentation-microsoft-powerpoint-3-pptx-powerpoint-698c6bb3a0e16307916320-300x169.png 300w, https:\/\/www.f8kii.fr\/wp-content\/uploads\/2026\/02\/2026-02-11-10-58-48-nouveau-presentation-microsoft-powerpoint-3-pptx-powerpoint-698c6bb3a0e16307916320-768x433.png 768w, https:\/\/www.f8kii.fr\/wp-content\/uploads\/2026\/02\/2026-02-11-10-58-48-nouveau-presentation-microsoft-powerpoint-3-pptx-powerpoint-698c6bb3a0e16307916320.png 1356w\" sizes=\"auto, (max-width: 1024px) 100vw, 1024px\" \/><\/figure>\n\n\n\n<div style=\"height:10px\" aria-hidden=\"true\" class=\"wp-block-spacer\"><\/div>\n\n\n\n<p><strong>Pouvoir parler avec des inconnus du monde entier, cela ne surprend plus. Les radioamateurs n&rsquo;ont pas besoin de smartphone, ni d&rsquo;internet. Pr\u00e8s de Rouen, Lucien, Oleg et Pascal ont fabriqu\u00e9 leur station de liaisons radio. Devenus experts du code phon\u00e9tique \u00ab\u00a0Alpha, Bravo, Charlie\u00a0\u00bb, Ils se font des amis sur tous les continents.<\/strong><\/p>\n\n\n\n<p><\/p>\n\n\n\n<p>Les moins de 40 ans \u00e9carquillent les yeux lorsque l&rsquo;on parle de CBiste ou de radioamateurs. Difficile de comprendre qu&rsquo;\u00e0 l&rsquo;heure d&rsquo;internet et du smartphone, on puisse consacrer des mois \u00e0 \u00e9quiper une station de liaison radio chez soi, poser des antennes hertziennes sur son toit pour entrer en relation avec des inconnus.<\/p>\n\n\n\n<div style=\"height:10px\" aria-hidden=\"true\" class=\"wp-block-spacer\"><\/div>\n\n\n\n<h2 class=\"wp-block-heading\">Un univers proche de celui des pilotes d&rsquo;avion<\/h2>\n\n\n\n<p>Pr\u00e8s de Rouen, Lucien a am\u00e9nag\u00e9 une pi\u00e8ce de sa maison, elle ressemble \u00e0 un studio radio mais il ne pr\u00e9sente pas d&rsquo;\u00e9missions. Ce radioamateur entre en contact avec ses semblables, qui peuvent \u00eatre des personnes vivant aux antipodes.<\/p>\n\n\n\n<p><em>\u00ab\u00a0Gr\u00e2ce \u00e0 ce genre de communication, on arrive \u00e0 avoir des copains un peu partout dans le monde. J&rsquo;ai des personnes qui sont venues du Canada, du Portugal, d&rsquo;Angleterre, ils passent par la Normandie\u00a0\u00bb,<\/em>&nbsp;se r\u00e9jouit Lucien.<\/p>\n\n\n\n<p>Les conversations respectent une proc\u00e9dure faite de codes d&rsquo;identification et de l&rsquo;usage de l&rsquo;alphabet phon\u00e9tique international utilis\u00e9 pour les transmissions radios des pilotes : Alpha, Bravo, Charlie&#8230; Un code popularis\u00e9 par la&nbsp;<a href=\"https:\/\/www.youtube.com\/watch?v=5MbM-iEKHQc\" target=\"_blank\" rel=\"noreferrer noopener\">chanson de Mort Schuman<\/a>&nbsp;\u00ab\u00a0All\u00f4 Papa Tango Charly\u00a0\u00bb.<\/p>\n\n\n\n<div style=\"height:10px\" aria-hidden=\"true\" class=\"wp-block-spacer\"><\/div>\n\n\n\n<blockquote class=\"wp-block-quote is-layout-flow wp-block-quote-is-layout-flow\">\n<p>Foxtrot Quatre Delta Bravo Charlie, depuis la Normandie&#8230; OK, Francis 100 % QSL ! La modulation est tr\u00e8s bonne.Echange entre radioamateurs<\/p>\n\n\n\n<figure class=\"wp-block-image size-large\"><img loading=\"lazy\" decoding=\"async\" width=\"1024\" height=\"576\" src=\"https:\/\/www.f8kii.fr\/wp-content\/uploads\/2026\/02\/cb9f57d7-c0e8-4f81-a797-58884515933e-1024x576.jpg\" alt=\"\" class=\"wp-image-696\" srcset=\"https:\/\/www.f8kii.fr\/wp-content\/uploads\/2026\/02\/cb9f57d7-c0e8-4f81-a797-58884515933e-1024x576.jpg 1024w, https:\/\/www.f8kii.fr\/wp-content\/uploads\/2026\/02\/cb9f57d7-c0e8-4f81-a797-58884515933e-300x169.jpg 300w, https:\/\/www.f8kii.fr\/wp-content\/uploads\/2026\/02\/cb9f57d7-c0e8-4f81-a797-58884515933e-768x432.jpg 768w, https:\/\/www.f8kii.fr\/wp-content\/uploads\/2026\/02\/cb9f57d7-c0e8-4f81-a797-58884515933e-1536x864.jpg 1536w, https:\/\/www.f8kii.fr\/wp-content\/uploads\/2026\/02\/cb9f57d7-c0e8-4f81-a797-58884515933e.jpg 1920w\" sizes=\"auto, (max-width: 1024px) 100vw, 1024px\" \/><\/figure>\n<\/blockquote>\n\n\n\n<div style=\"height:10px\" aria-hidden=\"true\" class=\"wp-block-spacer\"><\/div>\n\n\n\n<figure class=\"wp-block-video\"><video height=\"1080\" style=\"aspect-ratio: 1920 \/ 1080;\" width=\"1920\" controls src=\"https:\/\/www.f8kii.fr\/wp-content\/uploads\/2026\/02\/lucien-au-micro.mp4\"><\/video><\/figure>\n\n\n\n<div style=\"height:30px\" aria-hidden=\"true\" class=\"wp-block-spacer\"><\/div>\n\n\n\n<h2 class=\"wp-block-heading\">L&rsquo;\u00e9merveillement des G\u00e9o Trouvetou des ondes radio<\/h2>\n\n\n\n<p>Les radioamateurs, c&rsquo;est un univers plut\u00f4t masculin. Ces passionn\u00e9s de technologie parlent de la configuration de leurs antennes, de m\u00e9t\u00e9o, et de param\u00e8tres cosmiques. Si une \u00e9ruption solaire est annonc\u00e9e, cela modifie la propagation des ondes hertziennes.<\/p>\n\n\n\n<p>Pour garder le souvenir d&rsquo;une conversation, la tradition veut que les radioamateurs s&rsquo;envoient des cartes postales qui sont des accus\u00e9s de r\u00e9ception appel\u00e9s&nbsp;<a href=\"https:\/\/www.wimo.com\/fr\/blog\/post\/Les-cartes-QSL-dans-le-radioamateurisme?srsltid=AfmBOooWLftoVGwzx-rpEdrVfI_swu3j5PqBS01mSp0yt6Sx-ieATe9X\" target=\"_blank\" rel=\"noreferrer noopener\">QSL.<\/a><\/p>\n\n\n\n<figure class=\"wp-block-image size-full\"><img loading=\"lazy\" decoding=\"async\" width=\"800\" height=\"450\" src=\"https:\/\/www.f8kii.fr\/wp-content\/uploads\/2026\/02\/2026-02-11-15-33-45-nouveau-presentation-microsoft-powerpoint-4-pptx-powerpoint-698c9484371fa722461862.webp\" alt=\"\" class=\"wp-image-699\" srcset=\"https:\/\/www.f8kii.fr\/wp-content\/uploads\/2026\/02\/2026-02-11-15-33-45-nouveau-presentation-microsoft-powerpoint-4-pptx-powerpoint-698c9484371fa722461862.webp 800w, https:\/\/www.f8kii.fr\/wp-content\/uploads\/2026\/02\/2026-02-11-15-33-45-nouveau-presentation-microsoft-powerpoint-4-pptx-powerpoint-698c9484371fa722461862-300x169.webp 300w, https:\/\/www.f8kii.fr\/wp-content\/uploads\/2026\/02\/2026-02-11-15-33-45-nouveau-presentation-microsoft-powerpoint-4-pptx-powerpoint-698c9484371fa722461862-768x432.webp 768w\" sizes=\"auto, (max-width: 800px) 100vw, 800px\" \/><\/figure>\n\n\n\n<div style=\"height:10px\" aria-hidden=\"true\" class=\"wp-block-spacer\"><\/div>\n\n\n\n<p>La fiert\u00e9 des radioamateurs est de mettre au point eux-m\u00eames le montage \u00e9lectronique de leur \u00e9quipement de transmission.<\/p>\n\n\n\n<p>Oleg ma\u00eetrise l&rsquo;art de la t\u00e9l\u00e9graphie avec une pr\u00e9dilection pour le&nbsp;<a href=\"https:\/\/www.resilience-urbaine.com\/survivalisme-resilience\/code-morse-apprendre-alphabet-traducteur-encodeur-decodeur\/\" target=\"_blank\" rel=\"noreferrer noopener\">code morse<\/a>, une alternance de sons brefs et longs qui constitue un alphabet. R\u00e9cemment, il est entr\u00e9 en contact avec Bob ,un Italien.<\/p>\n\n\n\n<p>Oleg a fabriqu\u00e9 son premier r\u00e9cepteur quand il \u00e9tait enfant avec du mat\u00e9riel de r\u00e9cup\u00e9ration.<\/p>\n\n\n\n<div style=\"height:10px\" aria-hidden=\"true\" class=\"wp-block-spacer\"><\/div>\n\n\n\n<blockquote class=\"wp-block-quote is-layout-flow wp-block-quote-is-layout-flow\">\n<p>C&rsquo;est le c\u00f4t\u00e9 magique de la radio qui m&rsquo;int\u00e9resse. Un Watt en radio correspond \u00e0 une bougie avec sa flamme, avec 5 Watts, la puissance de 5 bougies, j&rsquo;ai joint Tahiti.Oleg Leroy, radioamateur<\/p>\n<\/blockquote>\n\n\n\n<div style=\"height:10px\" aria-hidden=\"true\" class=\"wp-block-spacer\"><\/div>\n\n\n\n<h2 class=\"wp-block-heading\">Passer un examen et respecter les r\u00e8gles internationales<\/h2>\n\n\n\n<p>Pour \u00eatre reconnu op\u00e9rateur d&rsquo;une station, il faut passer un examen sur la r\u00e9glementation des radiocommunications, et des \u00e9preuves techniques sur l\u2019\u00e9lectricit\u00e9 et la radio\u00e9lectricit\u00e9. Des bandes de fr\u00e9quences sont r\u00e9serv\u00e9es aux radioamateurs par l\u2019Union Internationale des T\u00e9l\u00e9communications (UIT).<\/p>\n\n\n\n<p>Cette\u00a0activit\u00e9 est r\u00e9glement\u00e9e\u00a0pour la teneur des conversations et les puissances autoris\u00e9es.<\/p>\n\n\n\n<p>En France, on compte environ 15 000 radioamateurs. Le\u00a0R\u00e9seau des Emetteurs Fran\u00e7ais\u00a0a \u00e9t\u00e9 cr\u00e9\u00e9 en 1925. Cette pratique qui peut fonctionner sans internet reste une solution pr\u00e9cieuse en cas de crise majeure.<\/p>\n\n\n\n<div style=\"height:30px\" aria-hidden=\"true\" class=\"wp-block-spacer\"><\/div>\n\n\n\n<p><\/p>\n","protected":false},"excerpt":{"rendered":"<p>Pouvoir parler avec des inconnus du monde entier, cela ne surprend plus. Les radioamateurs n&rsquo;ont pas besoin de smartphone, ni d&rsquo;internet. Pr\u00e8s de Rouen, Lucien, Oleg et Pascal ont fabriqu\u00e9 leur station de liaisons radio. Devenus experts du code phon\u00e9tique \u00ab\u00a0Alpha, Bravo, Charlie\u00a0\u00bb, Ils se font des amis sur tous les continents. Les moins de [&hellip;]<\/p>\n","protected":false},"author":1,"featured_media":0,"parent":0,"menu_order":0,"comment_status":"open","ping_status":"closed","template":"","meta":{"footnotes":""},"class_list":["post-705","page","type-page","status-publish","hentry"],"_links":{"self":[{"href":"https:\/\/www.f8kii.fr\/index.php?rest_route=\/wp\/v2\/pages\/705","targetHints":{"allow":["GET"]}}],"collection":[{"href":"https:\/\/www.f8kii.fr\/index.php?rest_route=\/wp\/v2\/pages"}],"about":[{"href":"https:\/\/www.f8kii.fr\/index.php?rest_route=\/wp\/v2\/types\/page"}],"author":[{"embeddable":true,"href":"https:\/\/www.f8kii.fr\/index.php?rest_route=\/wp\/v2\/users\/1"}],"replies":[{"embeddable":true,"href":"https:\/\/www.f8kii.fr\/index.php?rest_route=%2Fwp%2Fv2%2Fcomments&post=705"}],"version-history":[{"count":8,"href":"https:\/\/www.f8kii.fr\/index.php?rest_route=\/wp\/v2\/pages\/705\/revisions"}],"predecessor-version":[{"id":724,"href":"https:\/\/www.f8kii.fr\/index.php?rest_route=\/wp\/v2\/pages\/705\/revisions\/724"}],"wp:attachment":[{"href":"https:\/\/www.f8kii.fr\/index.php?rest_route=%2Fwp%2Fv2%2Fmedia&parent=705"}],"curies":[{"name":"wp","href":"https:\/\/api.w.org\/{rel}","templated":true}]}}